{"id":40418,"date":"2026-03-28T09:05:27","date_gmt":"2026-03-28T09:05:27","guid":{"rendered":"https:\/\/gastrosof.ch\/?page_id=40418"},"modified":"2026-03-28T09:17:40","modified_gmt":"2026-03-28T09:17:40","slug":"q","status":"publish","type":"page","link":"https:\/\/gastrosof.ch\/en\/q\/","title":{"rendered":"Redirect Site"},"content":{"rendered":"<p>Gastrosof wird ge\u00f6ffnet&#8230;<\/p>\n<p>\n  Falls nichts passiert:<br><br>\n  <a id=\"openAppLink\" href=\"#\">App \u00f6ffnen<\/a>\n<\/p>\n<p>\n  <a href=\"https:\/\/gastrosof.ch\/en\/for-guests\/#testing-phase\">\n    Zur G\u00e4ste-Info\n  <\/a>\n<\/p>\n<script>\n(function () {\n  const params = new URLSearchParams(window.location.search);\n  const rid = params.get('rid');\n  const fallbackUrl = 'https:\/\/gastrosof.ch\/de\/for-guests\/#testing-phase';\n\n  if (!rid) {\n    window.location.replace(fallbackUrl);\n    return;\n  }\n\n  const appUrl = 'gastrosof:\/\/gastrosof.ch\/scanResults?rid=' + encodeURIComponent(rid);\n  document.getElementById('openAppLink').href = appUrl;\n  window.location.href = appUrl;\n\n  setTimeout(() => window.location.replace(fallbackUrl), 1500);\n})();\n<\/script>","protected":false},"excerpt":{"rendered":"<p>Gastrosof wird ge\u00f6ffnet&#8230; Falls nichts passiert: App \u00f6ffnen Zur G\u00e4ste-Info<\/p>","protected":false},"author":1,"featured_media":0,"parent":0,"menu_order":0,"comment_status":"closed","ping_status":"closed","template":"","meta":{"content-type":"","footnotes":""},"class_list":["post-40418","page","type-page","status-publish","hentry"],"_links":{"self":[{"href":"https:\/\/gastrosof.ch\/en\/wp-json\/wp\/v2\/pages\/40418","targetHints":{"allow":["GET"]}}],"collection":[{"href":"https:\/\/gastrosof.ch\/en\/wp-json\/wp\/v2\/pages"}],"about":[{"href":"https:\/\/gastrosof.ch\/en\/wp-json\/wp\/v2\/types\/page"}],"author":[{"embeddable":true,"href":"https:\/\/gastrosof.ch\/en\/wp-json\/wp\/v2\/users\/1"}],"replies":[{"embeddable":true,"href":"https:\/\/gastrosof.ch\/en\/wp-json\/wp\/v2\/comments?post=40418"}],"version-history":[{"count":4,"href":"https:\/\/gastrosof.ch\/en\/wp-json\/wp\/v2\/pages\/40418\/revisions"}],"predecessor-version":[{"id":40423,"href":"https:\/\/gastrosof.ch\/en\/wp-json\/wp\/v2\/pages\/40418\/revisions\/40423"}],"wp:attachment":[{"href":"https:\/\/gastrosof.ch\/en\/wp-json\/wp\/v2\/media?parent=40418"}],"curies":[{"name":"wp","href":"https:\/\/api.w.org\/{rel}","templated":true}]}}